{"id":10787,"date":"2023-10-30T14:13:03","date_gmt":"2023-10-30T15:13:03","guid":{"rendered":"https:\/\/petrotexiran.com\/?page_id=10787"},"modified":"2026-05-08T05:27:01","modified_gmt":"2026-05-08T05:27:01","slug":"metal-coatings","status":"publish","type":"page","link":"https:\/\/petrotexiran.com\/tr\/metal-coatings\/","title":{"rendered":"metal kaplama"},"content":{"rendered":"\t\t<div data-elementor-type=\"wp-page\" data-elementor-id=\"10787\" class=\"elementor elementor-10787 elementor-10095\" data-elementor-post-type=\"page\">\n\t\t\t\t\t\t<section class=\"elementor-section elementor-top-section elementor-element elementor-element-411a74c4 elementor-section-full_width elementor-section-stretched elementor-section-height-default elementor-section-height-default\" data-id=\"411a74c4\" data-element_type=\"section\" data-e-type=\"section\" data-settings=\"{&quot;stretch_section&quot;:&quot;section-stretched&quot;,&quot;background_background&quot;:&quot;classic&quot;}\">\n\t\t\t\t\t\t\t<div class=\"elementor-background-overlay\"><\/div>\n\t\t\t\t\t\t\t<div class=\"elementor-container elementor-column-gap-default\">\n\t\t\t\t\t<div class=\"elementor-column elementor-col-100 elementor-top-column elementor-element elementor-element-484e578\" data-id=\"484e578\" data-element_type=\"column\" data-e-type=\"column\">\n\t\t\t<div class=\"elementor-widget-wrap elementor-element-populated\">\n\t\t\t\t\t\t<div class=\"elementor-element elementor-element-3208d76d e-transform elementor-view-default elementor-widget elementor-widget-icon\" data-id=\"3208d76d\" data-element_type=\"widget\" data-e-type=\"widget\" data-settings=\"{&quot;_transform_skewX_effect&quot;:{&quot;unit&quot;:&quot;px&quot;,&quot;size&quot;:-20,&quot;sizes&quot;:[]},&quot;_transform_skewY_effect&quot;:{&quot;unit&quot;:&quot;px&quot;,&quot;size&quot;:-20,&quot;sizes&quot;:[]},&quot;_transform_skewX_effect_tablet&quot;:{&quot;unit&quot;:&quot;deg&quot;,&quot;size&quot;:&quot;&quot;,&quot;sizes&quot;:[]},&quot;_transform_skewX_effect_mobile&quot;:{&quot;unit&quot;:&quot;deg&quot;,&quot;size&quot;:&quot;&quot;,&quot;sizes&quot;:[]},&quot;_transform_skewY_effect_tablet&quot;:{&quot;unit&quot;:&quot;deg&quot;,&quot;size&quot;:&quot;&quot;,&quot;sizes&quot;:[]},&quot;_transform_skewY_effect_mobile&quot;:{&quot;unit&quot;:&quot;deg&quot;,&quot;size&quot;:&quot;&quot;,&quot;sizes&quot;:[]}}\" data-widget_type=\"icon.default\">\n\t\t\t\t<div class=\"elementor-widget-container\">\n\t\t\t\t\t\t\t<div class=\"elementor-icon-wrapper\">\n\t\t\t<div class=\"elementor-icon\">\n\t\t\t<i aria-hidden=\"true\" class=\"fas fa-square-full\"><\/i>\t\t\t<\/div>\n\t\t<\/div>\n\t\t\t\t\t\t<\/div>\n\t\t\t\t<\/div>\n\t\t\t\t<div class=\"elementor-element elementor-element-10f99bc4 elementor-widget elementor-widget-heading\" data-id=\"10f99bc4\" data-element_type=\"widget\" data-e-type=\"widget\" data-widget_type=\"heading.default\">\n\t\t\t\t<div class=\"elementor-widget-container\">\n\t\t\t\t\t<h2 class=\"elementor-heading-title elementor-size-default\">Metal Kaplamalar\n\n\n\n<\/h2>\t\t\t\t<\/div>\n\t\t\t\t<\/div>\n\t\t\t\t<div class=\"elementor-element elementor-element-64b0627d elementor-widget elementor-widget-text-editor\" data-id=\"64b0627d\" data-element_type=\"widget\" data-e-type=\"widget\" data-widget_type=\"text-editor.default\">\n\t\t\t\t<div class=\"elementor-widget-container\">\n\t\t\t\t\t\t\t\t\t<p>Konserve g\u0131dalar ve i\u00e7ecekler, insan beslenmesinde \u00f6nemli bir paya sahiptir. Tat, renk ve g\u00f6r\u00fcn\u00fcm\u00fcn korunmas\u0131n\u0131n yan\u0131 s\u0131ra, \u00fcr\u00fcn\u00fcn her t\u00fcrl\u00fc patojenden ar\u0131nd\u0131r\u0131lm\u0131\u015f olmas\u0131 t\u00fcketiciler taraf\u0131ndan beklenen temel nitelikler aras\u0131nda yer almaktad\u0131r. Bu gereklilikler, i\u00e7 ve d\u0131\u015f y\u00fczeylerin koruyucu re\u00e7ineler ile kaplanmas\u0131 (coating) sayesinde sa\u011flanmaktad\u0131r.<br \/>\u015eirket taraf\u0131ndan \u00fcretilen stiren-b\u00fctadien lateks re\u00e7ineleri; uygulamaya \u00f6zel form\u00fclasyonlar\u0131 sayesinde dayan\u0131kl\u0131 bir film tabakas\u0131 olu\u015fturur. Bu tabaka, nem ge\u00e7i\u015fini engellerken d\u00fc\u015f\u00fck s\u0131cakl\u0131klarda performans\u0131, kimyasal dayan\u0131m\u0131 ve mekanik korumay\u0131 (\u00e7izilme ve darbelere kar\u015f\u0131 diren\u00e7) \u00f6nemli \u00f6l\u00e7\u00fcde art\u0131rmaktad\u0131r.<\/p>\t\t\t\t\t\t\t\t<\/div>\n\t\t\t\t<\/div>\n\t\t\t\t<div class=\"elementor-element elementor-element-59c1d358 elementor-widget elementor-widget-html\" data-id=\"59c1d358\" data-element_type=\"widget\" data-e-type=\"widget\" data-widget_type=\"html.default\">\n\t\t\t\t<div class=\"elementor-widget-container\">\n\t\t\t\t\t<style type=\"text\/css\">\r\n    table.blueTable {\r\nborder: 1px solid #1C6EA4;\r\nbackground-color: #ffffff;\r\nwidth: 100%;\r\ntext-align: center;\r\nborder-collapse: collapse;\r\nmargin-left: auto;\r\nmargin-right: auto;\r\n}\r\ntable.blueTable td, table.blueTable th {\r\nborder: 1px solid #AAAAAA;\r\npadding: 10px 10px;\r\n}\r\ntable.blueTable tbody td {\r\nfont-size: 14px;\r\nfont-weight: bold;\r\ncolor: #333333;\r\n}\r\ntable.blueTable tr:nth-child(even) {\r\nbackground: #e3e3e4;\r\n}\r\ntable.blueTable thead {\r\nbackground: #d3d4d4;\r\nbackground: -moz-linear-gradient(top, #e8ebeb 0%, #e4e6e7 66%, #E1E4E5 100%);\r\nbackground: -webkit-linear-gradient(top, #e8ebeb 0%, #e4e6e7 66%, #E1E4E5 100%);\r\nbackground: linear-gradient(to bottom, #e8ebeb 0%, #e4e6e7 66%, #E1E4E5 100%);\r\n}\r\ntable.blueTable thead th {\r\nfont-size: 16px;\r\nfont-weight: bold;\r\ncolor: #060c5f;\r\ntext-align: center;\r\n}\r\ntable.blueTable tfoot td {\r\nfont-size: 13px;\r\n}\r\ntable.blueTable tfoot .links {\r\ntext-align: right;\r\n}\r\ntable.blueTable tfoot .links a{\r\ndisplay: inline-block;\r\nbackground: #1C6EA4;\r\ncolor: #FFFFFF;\r\npadding: 2px 8px;\r\nborder-radius: 5px;\r\n}\r\n     <\/style>\r\n     <table class=\"blueTable\" style=\"width: 90%\">\r\n         <thead>\r\n             <th class=\"tg-0lax\" colspan=\"3\">\r\n                 Metal Kaplamalar\r\n\r\n                 <\/th>\r\n         <\/thead>\r\n         <colgroup>\r\n             <col span=\"1\" style=\"width: 20%;\">\r\n             <col span=\"1\" style=\"width: 60%;\">\r\n             <col span=\"1\" style=\"width: 20%;\">\r\n          <\/colgroup>\r\n         <tbody>\r\n         <tr>\r\n         <td style=\"color:#060c5f  ;\">Petrotex 8160<\/td><td> Metal kutular i\u00e7in s\u0131zd\u0131rmazl\u0131k (contalama) uygulamalar\u0131, y\u00fcksek a\u015f\u0131nma dayan\u0131m\u0131, metal y\u00fczeylerde homojen film olu\u015fumu<\/td><td>\r\n         <a href=\"https:\/\/petrotexiran.com\/pdf-new\/en\/8160.pdf\" target=\"_blank\"><img decoding=\"async\"  data-media-content=\"wpdt-media-content\"  src=\"https:\/\/petrotexiran.com\/wp-content\/uploads\/2022\/10\/buttondownloadtr-1.png\" width=\"150\" height=\"150\" style=\" display: block;\r\n                 margin-left: auto;\r\n                 margin-right: auto;\"\/><\/a><\/td><\/tr>\r\n\r\n<tr>\r\n    <td style=\"color:#060c5f  ;\">Petrotex 8160-3<\/td><td> Metal kutular i\u00e7in s\u0131zd\u0131rmazl\u0131k (contalama) uygulamalar\u0131, y\u00fcksek a\u015f\u0131nma dayan\u0131m\u0131, metal y\u00fczeylerde homojen film olu\u015fumu\r\n    <\/td><td>\r\n    <a href=\"https:\/\/petrotexiran.com\/pdf-new\/en\/8160-3.pdf\" target=\"_blank\"><img decoding=\"async\"  data-media-content=\"wpdt-media-content\"  src=\"https:\/\/petrotexiran.com\/wp-content\/uploads\/2022\/10\/buttondownloadtr-1.png\" width=\"150\" height=\"150\" style=\" display: block;\r\n            margin-left: auto;\r\n            margin-right: auto;\"\/><\/a><\/td><\/tr>       \r\n      \r\n        \r\n         \r\n         <\/tbody>\r\n         \r\n         <\/table>\r\n\r\n\r\n\r\n\t\t\t\t<\/div>\n\t\t\t\t<\/div>\n\t\t\t\t<div class=\"elementor-element elementor-element-64d170b7 elementor-widget elementor-widget-premium-addon-button\" data-id=\"64d170b7\" data-element_type=\"widget\" data-e-type=\"widget\" data-widget_type=\"premium-addon-button.default\">\n\t\t\t\t<div class=\"elementor-widget-container\">\n\t\t\t\t\t\r\n\r\n\t\t<a class=\"premium-button premium-button-style2 premium-btn-lg premium-button-style2-shutouthor\" href=\"https:\/\/petrotexiran.com\/tr\/products\/\">\r\n\t\t\t<div class=\"premium-button-text-icon-wrapper\">\r\n\t\t\t\t\t\t\t\t\t\t\t\t\t\t\t\t\t<span >\r\n\t\t\t\t\t\u00dcr\u00fcnlere geri d\u00f6n\t\t\t\t<\/span>\r\n\t\t\t\t\t\t\t\t\t\t\t\t\t\t\t\t\t\t\t\t\t\t<i class=\"premium-svg-nodraw premium-drawable-icon fas fa-arrow-right\" aria-hidden=\"true\"><\/i>\t\t\t\t\t\t\t\t\t\t\t\t\t\t\t\t\t\t<\/div>\r\n\t\t\t\t\t\t\t\t<\/a>\r\n\r\n\r\n\t\t\t\t\t\t<\/div>\n\t\t\t\t<\/div>\n\t\t\t\t\t<\/div>\n\t\t<\/div>\n\t\t\t\t\t<\/div>\n\t\t<\/section>\n\t\t\t\t<\/div>\n\t\t","protected":false},"excerpt":{"rendered":"<p>Metal Kaplamalar Konserve g\u0131dalar ve i\u00e7ecekler, insan beslenmesinde \u00f6nemli bir paya &#8230; <\/p>\n","protected":false},"author":1,"featured_media":12544,"parent":0,"menu_order":0,"comment_status":"closed","ping_status":"closed","template":"","meta":{"footnotes":""},"class_list":["post-10787","page","type-page","status-publish","has-post-thumbnail","hentry"],"_links":{"self":[{"href":"https:\/\/petrotexiran.com\/tr\/wp-json\/wp\/v2\/pages\/10787","targetHints":{"allow":["GET"]}}],"collection":[{"href":"https:\/\/petrotexiran.com\/tr\/wp-json\/wp\/v2\/pages"}],"about":[{"href":"https:\/\/petrotexiran.com\/tr\/wp-json\/wp\/v2\/types\/page"}],"author":[{"embeddable":true,"href":"https:\/\/petrotexiran.com\/tr\/wp-json\/wp\/v2\/users\/1"}],"replies":[{"embeddable":true,"href":"https:\/\/petrotexiran.com\/tr\/wp-json\/wp\/v2\/comments?post=10787"}],"version-history":[{"count":21,"href":"https:\/\/petrotexiran.com\/tr\/wp-json\/wp\/v2\/pages\/10787\/revisions"}],"predecessor-version":[{"id":16475,"href":"https:\/\/petrotexiran.com\/tr\/wp-json\/wp\/v2\/pages\/10787\/revisions\/16475"}],"wp:featuredmedia":[{"embeddable":true,"href":"https:\/\/petrotexiran.com\/tr\/wp-json\/wp\/v2\/media\/12544"}],"wp:attachment":[{"href":"https:\/\/petrotexiran.com\/tr\/wp-json\/wp\/v2\/media?parent=10787"}],"curies":[{"name":"wp","href":"https:\/\/api.w.org\/{rel}","templated":true}]}}