{"id":11024,"date":"2023-10-30T16:41:10","date_gmt":"2023-10-30T17:41:10","guid":{"rendered":"https:\/\/petrotexiran.com\/?page_id=11024"},"modified":"2026-05-08T06:17:14","modified_gmt":"2026-05-08T06:17:14","slug":"tyre-cord","status":"publish","type":"page","link":"https:\/\/petrotexiran.com\/tr\/tyre-cord\/","title":{"rendered":"lastik ipli\u011fi"},"content":{"rendered":"\t\t<div data-elementor-type=\"wp-page\" data-elementor-id=\"11024\" class=\"elementor elementor-11024 elementor-10170\" data-elementor-post-type=\"page\">\n\t\t\t\t\t\t<section class=\"elementor-section elementor-top-section elementor-element elementor-element-fdba436 elementor-section-full_width elementor-section-stretched elementor-section-height-default elementor-section-height-default\" data-id=\"fdba436\" data-element_type=\"section\" data-e-type=\"section\" data-settings=\"{&quot;stretch_section&quot;:&quot;section-stretched&quot;,&quot;background_background&quot;:&quot;classic&quot;}\">\n\t\t\t\t\t\t\t<div class=\"elementor-background-overlay\"><\/div>\n\t\t\t\t\t\t\t<div class=\"elementor-container elementor-column-gap-default\">\n\t\t\t\t\t<div class=\"elementor-column elementor-col-100 elementor-top-column elementor-element elementor-element-a51b2bc\" data-id=\"a51b2bc\" data-element_type=\"column\" data-e-type=\"column\">\n\t\t\t<div class=\"elementor-widget-wrap elementor-element-populated\">\n\t\t\t\t\t\t<div class=\"elementor-element elementor-element-b8aeb7c e-transform elementor-view-default elementor-widget elementor-widget-icon\" data-id=\"b8aeb7c\" data-element_type=\"widget\" data-e-type=\"widget\" data-settings=\"{&quot;_transform_skewX_effect&quot;:{&quot;unit&quot;:&quot;px&quot;,&quot;size&quot;:-20,&quot;sizes&quot;:[]},&quot;_transform_skewY_effect&quot;:{&quot;unit&quot;:&quot;px&quot;,&quot;size&quot;:-20,&quot;sizes&quot;:[]},&quot;_transform_skewX_effect_tablet&quot;:{&quot;unit&quot;:&quot;deg&quot;,&quot;size&quot;:&quot;&quot;,&quot;sizes&quot;:[]},&quot;_transform_skewX_effect_mobile&quot;:{&quot;unit&quot;:&quot;deg&quot;,&quot;size&quot;:&quot;&quot;,&quot;sizes&quot;:[]},&quot;_transform_skewY_effect_tablet&quot;:{&quot;unit&quot;:&quot;deg&quot;,&quot;size&quot;:&quot;&quot;,&quot;sizes&quot;:[]},&quot;_transform_skewY_effect_mobile&quot;:{&quot;unit&quot;:&quot;deg&quot;,&quot;size&quot;:&quot;&quot;,&quot;sizes&quot;:[]}}\" data-widget_type=\"icon.default\">\n\t\t\t\t<div class=\"elementor-widget-container\">\n\t\t\t\t\t\t\t<div class=\"elementor-icon-wrapper\">\n\t\t\t<div class=\"elementor-icon\">\n\t\t\t<i aria-hidden=\"true\" class=\"fas fa-square-full\"><\/i>\t\t\t<\/div>\n\t\t<\/div>\n\t\t\t\t\t\t<\/div>\n\t\t\t\t<\/div>\n\t\t\t\t<div class=\"elementor-element elementor-element-84ebb93 elementor-widget elementor-widget-heading\" data-id=\"84ebb93\" data-element_type=\"widget\" data-e-type=\"widget\" data-widget_type=\"heading.default\">\n\t\t\t\t<div class=\"elementor-widget-container\">\n\t\t\t\t\t<h2 class=\"elementor-heading-title elementor-size-default\">Lastik \u0130pli\u011fi (Kord Bezi)\n\n\n\n<\/h2>\t\t\t\t<\/div>\n\t\t\t\t<\/div>\n\t\t\t\t<div class=\"elementor-element elementor-element-987ec34 elementor-widget elementor-widget-text-editor\" data-id=\"987ec34\" data-element_type=\"widget\" data-e-type=\"widget\" data-widget_type=\"text-editor.default\">\n\t\t\t\t<div class=\"elementor-widget-container\">\n\t\t\t\t\t\t\t\t\t<p>VP Lateks, b\u00fctadien-stiren ve 2-vinil piridin monomerlerinin geli\u015fmi\u015f polimerizasyon teknikleriyle kopolimerizasyonu sonucu elde edilen polimerik bir em\u00fclsiyondur.<br \/>Vinil piridin monomeri, lastik bile\u015fi\u011fi (kompound) ile takviye elyaflar\u0131 (lastik, kay\u0131\u015f, hortum vb. \u00fcr\u00fcnlerde kullan\u0131lan) aras\u0131ndaki aderans\u0131 g\u00fc\u00e7lendiren temel bile\u015fenlerden biridir.<br \/>\u015eirket taraf\u0131ndan \u00fcretilen VP Lateks, ileri polimerizasyon teknolojileri kullan\u0131larak geli\u015ftirilmi\u015f olup, takviye elyaflar\u0131 (naylon, polyester, suni ipek ve di\u011fer elyaflar) ile lastik aras\u0131nda g\u00fc\u00e7l\u00fc bir ba\u011f olu\u015fturur ve \u00fcr\u00fcne \u00fcst\u00fcn mekanik ve dinamik \u00f6zellikler kazand\u0131r\u0131r.<br \/>Bu lateks, uygulama alan\u0131na (lastik, kay\u0131\u015f, hortum vb.) bak\u0131lmaks\u0131z\u0131n gerekli performans \u00f6zelliklerini sa\u011flayacak \u015fekilde tasarlanm\u0131\u015ft\u0131r.<br \/>\u00dcr\u00fcn, RFL bazl\u0131 dald\u0131rma (emprenye) sistemleri ile tam uyumluluk g\u00f6stermektedir.<\/p>\t\t\t\t\t\t\t\t<\/div>\n\t\t\t\t<\/div>\n\t\t\t\t<div class=\"elementor-element elementor-element-d7b6919 elementor-widget elementor-widget-html\" data-id=\"d7b6919\" data-element_type=\"widget\" data-e-type=\"widget\" data-widget_type=\"html.default\">\n\t\t\t\t<div class=\"elementor-widget-container\">\n\t\t\t\t\t<style type=\"text\/css\">\r\n    table.blueTable {\r\nborder: 1px solid #1C6EA4;\r\nbackground-color: #ffffff;\r\nwidth: 100%;\r\ntext-align: center;\r\nborder-collapse: collapse;\r\nmargin-left: auto;\r\nmargin-right: auto;\r\n}\r\ntable.blueTable td, table.blueTable th {\r\nborder: 1px solid #AAAAAA;\r\npadding: 10px 10px;\r\n}\r\ntable.blueTable tbody td {\r\nfont-size: 14px;\r\nfont-weight: bold;\r\ncolor: #333333;\r\n}\r\ntable.blueTable tr:nth-child(even) {\r\nbackground: #e3e3e4;\r\n}\r\ntable.blueTable thead {\r\nbackground: #d3d4d4;\r\nbackground: -moz-linear-gradient(top, #e8ebeb 0%, #e4e6e7 66%, #E1E4E5 100%);\r\nbackground: -webkit-linear-gradient(top, #e8ebeb 0%, #e4e6e7 66%, #E1E4E5 100%);\r\nbackground: linear-gradient(to bottom, #e8ebeb 0%, #e4e6e7 66%, #E1E4E5 100%);\r\n}\r\ntable.blueTable thead th {\r\nfont-size: 16px;\r\nfont-weight: bold;\r\ncolor: #060c5f;\r\ntext-align: center;\r\n}\r\ntable.blueTable tfoot td {\r\nfont-size: 13px;\r\n}\r\ntable.blueTable tfoot .links {\r\ntext-align: right;\r\n}\r\ntable.blueTable tfoot .links a{\r\ndisplay: inline-block;\r\nbackground: #1C6EA4;\r\ncolor: #FFFFFF;\r\npadding: 2px 8px;\r\nborder-radius: 5px;\r\n}\r\n     <\/style>\r\n     <table class=\"blueTable\" style=\"width: 90%\">\r\n         <thead>\r\n             <th class=\"tg-0lax\" colspan=\"3\">\r\n               XSBR Lateks\r\n                     <\/th>\r\n         <\/thead>\r\n         <colgroup>\r\n             <col span=\"1\" style=\"width: 20%;\">\r\n             <col span=\"1\" style=\"width: 60%;\">\r\n             <col span=\"1\" style=\"width: 20%;\">\r\n          <\/colgroup>\r\n         <tbody>\r\n         <tr>\r\n         <td style=\"color:#060c5f  ;\">Petrotex 8811 TY<\/td><td>Lastik kord ipli\u011fi uygulamalar\u0131 i\u00e7in, y\u00fcksek yap\u0131\u015fma, y\u00fczey parlakl\u0131\u011f\u0131, dayan\u0131kl\u0131 ve y\u00fcksek mukavemetli film<\/td><td>\r\n         <a href=\"https:\/\/petrotexiran.com\/pdf-new\/en\/8811-TY.pdf\" target=\"_blank\"><img decoding=\"async\"  data-media-content=\"wpdt-media-content\"  src=\"https:\/\/petrotexiran.com\/wp-content\/uploads\/2022\/10\/buttondownloadtr-1.png\" width=\"150\" height=\"150\" style=\" display: block;\r\n                 margin-left: auto;\r\n                 margin-right: auto;\"\/><\/a><\/td><\/tr>\r\n                  <tr>\r\n         <td style=\"color:#060c5f  ;\">Petrotex 8818<\/td><td>Lastik kord ipli\u011fi uygulamalar\u0131 i\u00e7in, y\u00fcksek mekanik stabilite ve kimyasal dayan\u0131m\r\n<\/td><td>\r\n         <a href=\"https:\/\/petrotexiran.com\/pdf-new\/en\/8818.pdf\" target=\"_blank\"><img decoding=\"async\"  data-media-content=\"wpdt-media-content\"  src=\"https:\/\/petrotexiran.com\/wp-content\/uploads\/2022\/10\/buttondownloadtr-1.png\" width=\"150\" height=\"150\" style=\" display: block;\r\n                 margin-left: auto;\r\n                 margin-right: auto;\"\/><\/a><\/td><\/tr>\r\n      \r\n      \r\n        \r\n         \r\n         <\/tbody>\r\n         <\/tr>\r\n         <\/table>\r\n\r\n\r\n\r\n\t\t\t\t<\/div>\n\t\t\t\t<\/div>\n\t\t\t\t<div class=\"elementor-element elementor-element-7a55058 elementor-widget elementor-widget-html\" data-id=\"7a55058\" data-element_type=\"widget\" data-e-type=\"widget\" data-widget_type=\"html.default\">\n\t\t\t\t<div class=\"elementor-widget-container\">\n\t\t\t\t\t<style type=\"text\/css\">\r\n    table.blueTable {\r\nborder: 1px solid #1C6EA4;\r\nbackground-color: #ffffff;\r\nwidth: 100%;\r\ntext-align: center;\r\nborder-collapse: collapse;\r\nmargin-left: auto;\r\nmargin-right: auto;\r\n}\r\ntable.blueTable td, table.blueTable th {\r\nborder: 1px solid #AAAAAA;\r\npadding: 10px 10px;\r\n}\r\ntable.blueTable tbody td {\r\nfont-size: 14px;\r\nfont-weight: bold;\r\ncolor: #333333;\r\n}\r\ntable.blueTable tr:nth-child(even) {\r\nbackground: #e3e3e4;\r\n}\r\ntable.blueTable thead {\r\nbackground: #d3d4d4;\r\nbackground: -moz-linear-gradient(top, #e8ebeb 0%, #e4e6e7 66%, #E1E4E5 100%);\r\nbackground: -webkit-linear-gradient(top, #e8ebeb 0%, #e4e6e7 66%, #E1E4E5 100%);\r\nbackground: linear-gradient(to bottom, #e8ebeb 0%, #e4e6e7 66%, #E1E4E5 100%);\r\n}\r\ntable.blueTable thead th {\r\nfont-size: 16px;\r\nfont-weight: bold;\r\ncolor: #060c5f;\r\ntext-align: center;\r\n}\r\ntable.blueTable tfoot td {\r\nfont-size: 13px;\r\n}\r\ntable.blueTable tfoot .links {\r\ntext-align: right;\r\n}\r\ntable.blueTable tfoot .links a{\r\ndisplay: inline-block;\r\nbackground: #1C6EA4;\r\ncolor: #FFFFFF;\r\npadding: 2px 8px;\r\nborder-radius: 5px;\r\n}\r\n     <\/style>\r\n     <table class=\"blueTable\" style=\"width: 90%\">\r\n         <thead>\r\n             <th class=\"tg-0lax\" colspan=\"3\">\r\nVP Lateks\r\n                    <\/th>\r\n         <\/thead>\r\n         <colgroup>\r\n             <col span=\"1\" style=\"width: 20%;\">\r\n             <col span=\"1\" style=\"width: 60%;\">\r\n             <col span=\"1\" style=\"width: 20%;\">\r\n          <\/colgroup>\r\n         <tbody>\r\n        \r\n      \r\n        <tr>\r\n         <td style=\"color:#060c5f  ;\">Petrotex v290<\/td><td> Lastik g\u00f6vdesi, konvey\u00f6r bantlar\u0131 ve elyaf takviyeli di\u011fer kau\u00e7uk \u00fcr\u00fcnler i\u00e7in emprenye sistemleri\r\n<\/td><td>\r\n          yak\u0131nda piyasaya sunulacakt\u0131r<\/td><\/tr>\r\n         <tr>\r\n         <td style=\"color:#060c5f  ;\">Petrotex v295<\/td><td> Lastik g\u00f6vdesi, konvey\u00f6r bantlar\u0131 ve elyaf takviyeli di\u011fer kau\u00e7uk \u00fcr\u00fcnler i\u00e7in emprenye sistemleri\r\n<\/td><td>\r\n         yak\u0131nda piyasaya sunulacakt\u0131r<\/td><\/tr>\r\n         <\/tbody>\r\n         \r\n         <\/table>\r\n\r\n\r\n\r\n\t\t\t\t<\/div>\n\t\t\t\t<\/div>\n\t\t\t\t<div class=\"elementor-element elementor-element-45d0131 elementor-widget elementor-widget-premium-addon-button\" data-id=\"45d0131\" data-element_type=\"widget\" data-e-type=\"widget\" data-widget_type=\"premium-addon-button.default\">\n\t\t\t\t<div class=\"elementor-widget-container\">\n\t\t\t\t\t\r\n\r\n\t\t<a class=\"premium-button premium-button-style2 premium-btn-lg premium-button-style2-shutouthor\" href=\"https:\/\/petrotexiran.com\/tr\/products\/\">\r\n\t\t\t<div class=\"premium-button-text-icon-wrapper\">\r\n\t\t\t\t\t\t\t\t\t\t\t\t\t\t\t\t\t<span >\r\n\t\t\t\t\t\u00dcr\u00fcnlere geri d\u00f6n\t\t\t\t<\/span>\r\n\t\t\t\t\t\t\t\t\t\t\t\t\t\t\t\t\t\t\t\t\t\t<i class=\"premium-svg-nodraw premium-drawable-icon fas fa-arrow-right\" aria-hidden=\"true\"><\/i>\t\t\t\t\t\t\t\t\t\t\t\t\t\t\t\t\t\t<\/div>\r\n\t\t\t\t\t\t\t\t<\/a>\r\n\r\n\r\n\t\t\t\t\t\t<\/div>\n\t\t\t\t<\/div>\n\t\t\t\t\t<\/div>\n\t\t<\/div>\n\t\t\t\t\t<\/div>\n\t\t<\/section>\n\t\t\t\t<\/div>\n\t\t","protected":false},"excerpt":{"rendered":"<p>Lastik \u0130pli\u011fi (Kord Bezi) VP Lateks, b\u00fctadien-stiren ve 2-vinil piridin monomerlerinin &#8230; <\/p>\n","protected":false},"author":1,"featured_media":12560,"parent":0,"menu_order":0,"comment_status":"closed","ping_status":"closed","template":"","meta":{"footnotes":""},"class_list":["post-11024","page","type-page","status-publish","has-post-thumbnail","hentry"],"_links":{"self":[{"href":"https:\/\/petrotexiran.com\/tr\/wp-json\/wp\/v2\/pages\/11024","targetHints":{"allow":["GET"]}}],"collection":[{"href":"https:\/\/petrotexiran.com\/tr\/wp-json\/wp\/v2\/pages"}],"about":[{"href":"https:\/\/petrotexiran.com\/tr\/wp-json\/wp\/v2\/types\/page"}],"author":[{"embeddable":true,"href":"https:\/\/petrotexiran.com\/tr\/wp-json\/wp\/v2\/users\/1"}],"replies":[{"embeddable":true,"href":"https:\/\/petrotexiran.com\/tr\/wp-json\/wp\/v2\/comments?post=11024"}],"version-history":[{"count":12,"href":"https:\/\/petrotexiran.com\/tr\/wp-json\/wp\/v2\/pages\/11024\/revisions"}],"predecessor-version":[{"id":16508,"href":"https:\/\/petrotexiran.com\/tr\/wp-json\/wp\/v2\/pages\/11024\/revisions\/16508"}],"wp:featuredmedia":[{"embeddable":true,"href":"https:\/\/petrotexiran.com\/tr\/wp-json\/wp\/v2\/media\/12560"}],"wp:attachment":[{"href":"https:\/\/petrotexiran.com\/tr\/wp-json\/wp\/v2\/media?parent=11024"}],"curies":[{"name":"wp","href":"https:\/\/api.w.org\/{rel}","templated":true}]}}