{"id":11045,"date":"2023-10-30T07:10:35","date_gmt":"2023-10-30T08:10:35","guid":{"rendered":"https:\/\/petrotexiran.com\/?page_id=11045"},"modified":"2024-01-11T09:39:36","modified_gmt":"2024-01-11T10:39:36","slug":"about","status":"publish","type":"page","link":"https:\/\/petrotexiran.com\/tr\/about\/","title":{"rendered":"Hakk\u0131m\u0131zda"},"content":{"rendered":"\t\t<div data-elementor-type=\"wp-page\" data-elementor-id=\"11045\" class=\"elementor elementor-11045 elementor-10025\" data-elementor-post-type=\"page\">\n\t\t\t\t\t\t<section class=\"elementor-section elementor-top-section elementor-element elementor-element-28869325 elementor-section-stretched elementor-section-boxed elementor-section-height-default elementor-section-height-default\" data-id=\"28869325\" data-element_type=\"section\" data-e-type=\"section\" data-settings=\"{&quot;stretch_section&quot;:&quot;section-stretched&quot;,&quot;background_background&quot;:&quot;classic&quot;}\">\n\t\t\t\t\t\t\t<div class=\"elementor-background-overlay\"><\/div>\n\t\t\t\t\t\t\t<div class=\"elementor-container elementor-column-gap-default\">\n\t\t\t\t\t<div class=\"elementor-column elementor-col-100 elementor-top-column elementor-element elementor-element-2f92e467\" data-id=\"2f92e467\" data-element_type=\"column\" data-e-type=\"column\">\n\t\t\t<div class=\"elementor-widget-wrap elementor-element-populated\">\n\t\t\t\t\t\t<div class=\"elementor-element elementor-element-6ed4e6f e-transform elementor-view-default elementor-widget elementor-widget-icon\" data-id=\"6ed4e6f\" data-element_type=\"widget\" data-e-type=\"widget\" data-settings=\"{&quot;_transform_skewX_effect&quot;:{&quot;unit&quot;:&quot;px&quot;,&quot;size&quot;:-20,&quot;sizes&quot;:[]},&quot;_transform_skewY_effect&quot;:{&quot;unit&quot;:&quot;px&quot;,&quot;size&quot;:-20,&quot;sizes&quot;:[]},&quot;_transform_skewX_effect_tablet&quot;:{&quot;unit&quot;:&quot;deg&quot;,&quot;size&quot;:&quot;&quot;,&quot;sizes&quot;:[]},&quot;_transform_skewX_effect_mobile&quot;:{&quot;unit&quot;:&quot;deg&quot;,&quot;size&quot;:&quot;&quot;,&quot;sizes&quot;:[]},&quot;_transform_skewY_effect_tablet&quot;:{&quot;unit&quot;:&quot;deg&quot;,&quot;size&quot;:&quot;&quot;,&quot;sizes&quot;:[]},&quot;_transform_skewY_effect_mobile&quot;:{&quot;unit&quot;:&quot;deg&quot;,&quot;size&quot;:&quot;&quot;,&quot;sizes&quot;:[]}}\" data-widget_type=\"icon.default\">\n\t\t\t\t<div class=\"elementor-widget-container\">\n\t\t\t\t\t\t\t<div class=\"elementor-icon-wrapper\">\n\t\t\t<div class=\"elementor-icon\">\n\t\t\t<i aria-hidden=\"true\" class=\"fas fa-square-full\"><\/i>\t\t\t<\/div>\n\t\t<\/div>\n\t\t\t\t\t\t<\/div>\n\t\t\t\t<\/div>\n\t\t\t\t<div class=\"elementor-element elementor-element-a7964c0 elementor-widget elementor-widget-heading\" data-id=\"a7964c0\" data-element_type=\"widget\" data-e-type=\"widget\" data-widget_type=\"heading.default\">\n\t\t\t\t<div class=\"elementor-widget-container\">\n\t\t\t\t\t<h2 class=\"elementor-heading-title elementor-size-default\">Hakk\u0131m\u0131zda\n\n\n<\/h2>\t\t\t\t<\/div>\n\t\t\t\t<\/div>\n\t\t\t\t<div class=\"elementor-element elementor-element-7f688ef6 elementor-widget elementor-widget-heading\" data-id=\"7f688ef6\" data-element_type=\"widget\" data-e-type=\"widget\" data-widget_type=\"heading.default\">\n\t\t\t\t<div class=\"elementor-widget-container\">\n\t\t\t\t\t<h2 class=\"elementor-heading-title elementor-size-default\">SADR RESIN KHAVAR\n\n\n\n<\/h2>\t\t\t\t<\/div>\n\t\t\t\t<\/div>\n\t\t\t\t\t<\/div>\n\t\t<\/div>\n\t\t\t\t\t<\/div>\n\t\t<\/section>\n\t\t\t\t<section class=\"elementor-section elementor-top-section elementor-element elementor-element-b0bf33c elementor-section-stretched elementor-reverse-mobile elementor-section-full_width elementor-section-height-default elementor-section-height-default\" data-id=\"b0bf33c\" data-element_type=\"section\" data-e-type=\"section\" data-settings=\"{&quot;stretch_section&quot;:&quot;section-stretched&quot;}\">\n\t\t\t\t\t\t<div class=\"elementor-container elementor-column-gap-default\">\n\t\t\t\t\t<div class=\"elementor-column elementor-col-50 elementor-top-column elementor-element elementor-element-287efb82\" data-id=\"287efb82\" data-element_type=\"column\" data-e-type=\"column\">\n\t\t\t<div class=\"elementor-widget-wrap elementor-element-populated\">\n\t\t\t\t\t\t<section class=\"elementor-section elementor-inner-section elementor-element elementor-element-685a7761 elementor-section-boxed elementor-section-height-default elementor-section-height-default\" data-id=\"685a7761\" data-element_type=\"section\" data-e-type=\"section\">\n\t\t\t\t\t\t<div class=\"elementor-container elementor-column-gap-default\">\n\t\t\t\t\t<div class=\"elementor-column elementor-col-50 elementor-inner-column elementor-element elementor-element-5ff6fc2d\" data-id=\"5ff6fc2d\" data-element_type=\"column\" data-e-type=\"column\">\n\t\t\t<div class=\"elementor-widget-wrap elementor-element-populated\">\n\t\t\t\t\t\t<div class=\"elementor-element elementor-element-488878bb elementor-widget elementor-widget-image\" data-id=\"488878bb\" data-element_type=\"widget\" data-e-type=\"widget\" data-settings=\"{&quot;motion_fx_motion_fx_scrolling&quot;:&quot;yes&quot;,&quot;motion_fx_translateY_effect&quot;:&quot;yes&quot;,&quot;motion_fx_translateY_direction&quot;:&quot;negative&quot;,&quot;motion_fx_translateY_speed&quot;:{&quot;unit&quot;:&quot;px&quot;,&quot;size&quot;:2,&quot;sizes&quot;:[]},&quot;motion_fx_translateY_affectedRange&quot;:{&quot;unit&quot;:&quot;%&quot;,&quot;size&quot;:&quot;&quot;,&quot;sizes&quot;:{&quot;start&quot;:0,&quot;end&quot;:100}},&quot;motion_fx_devices&quot;:[&quot;desktop&quot;,&quot;tablet&quot;,&quot;mobile&quot;]}\" data-widget_type=\"image.default\">\n\t\t\t\t<div class=\"elementor-widget-container\">\n\t\t\t\t\t\t\t\t\t\t\t\t\t\t\t<img fetchpriority=\"high\" decoding=\"async\" width=\"425\" height=\"675\" src=\"data:image\/svg+xml,%3Csvg%20xmlns%3D&#39;http%3A%2F%2Fwww.w3.org%2F2000%2Fsvg&#39;%20width=&#39;425&#39;%20height=&#39;675&#39;%20viewBox%3D&#39;0%200%20425%20675&#39;%2F%3E\" data-czlz data-src=\"https:\/\/petrotexiran.com\/wp-content\/uploads\/petrotex-resin-factory.png\" class=\"attachment-large size-large wp-image-12626\" alt=\"\u0635\u062f\u0631 \u0631\u0632\u06cc\u0646 \u062e\u0627\u0648\u0631 \u0628\u0632\u0631\u06af\u062a\u0631\u06cc\u0646 \u062a\u0648\u0644\u06cc\u062f \u06a9\u0646\u0646\u062f\u0647 \u0631\u0632\u06cc\u0646 \u0627\u06cc\u0631\u0627\u0646\" data-srcset=\"https:\/\/petrotexiran.com\/wp-content\/uploads\/petrotex-resin-factory.png 425w, https:\/\/petrotexiran.com\/wp-content\/uploads\/petrotex-resin-factory-189x300.png 189w\" data-sizes=\"(max-width: 425px) 100vw, 425px\" \/>\t\t\t\t\t\t\t\t\t\t\t\t\t\t\t<\/div>\n\t\t\t\t<\/div>\n\t\t\t\t\t<\/div>\n\t\t<\/div>\n\t\t\t\t<div class=\"elementor-column elementor-col-50 elementor-inner-column elementor-element elementor-element-4d977b0b\" data-id=\"4d977b0b\" data-element_type=\"column\" data-e-type=\"column\">\n\t\t\t<div class=\"elementor-widget-wrap elementor-element-populated\">\n\t\t\t\t\t\t<div class=\"elementor-element elementor-element-3ebc882f elementor-widget elementor-widget-image\" data-id=\"3ebc882f\" data-element_type=\"widget\" data-e-type=\"widget\" data-settings=\"{&quot;motion_fx_motion_fx_scrolling&quot;:&quot;yes&quot;,&quot;motion_fx_translateY_effect&quot;:&quot;yes&quot;,&quot;motion_fx_translateY_speed&quot;:{&quot;unit&quot;:&quot;px&quot;,&quot;size&quot;:2,&quot;sizes&quot;:[]},&quot;motion_fx_translateY_affectedRange&quot;:{&quot;unit&quot;:&quot;%&quot;,&quot;size&quot;:&quot;&quot;,&quot;sizes&quot;:{&quot;start&quot;:0,&quot;end&quot;:100}},&quot;motion_fx_devices&quot;:[&quot;desktop&quot;,&quot;tablet&quot;,&quot;mobile&quot;]}\" data-widget_type=\"image.default\">\n\t\t\t\t<div class=\"elementor-widget-container\">\n\t\t\t\t\t\t\t\t\t\t\t\t\t\t\t<img decoding=\"async\" width=\"425\" height=\"675\" src=\"data:image\/svg+xml,%3Csvg%20xmlns%3D&#39;http%3A%2F%2Fwww.w3.org%2F2000%2Fsvg&#39;%20width=&#39;425&#39;%20height=&#39;675&#39;%20viewBox%3D&#39;0%200%20425%20675&#39;%2F%3E\" data-czlz data-src=\"https:\/\/petrotexiran.com\/wp-content\/uploads\/petrotex-resin-factory-2.jpg\" class=\"attachment-large size-large wp-image-12622\" alt=\"\u0635\u062f\u0631 \u0631\u0632\u06cc\u0646 \u062e\u0627\u0648\u0631 \u062a\u0648\u0644\u06cc\u062f \u06a9\u0646\u0646\u062f\u0647 \u0627\u0646\u0648\u0627\u0639 \u0631\u0632\u06cc\u0646\" data-srcset=\"https:\/\/petrotexiran.com\/wp-content\/uploads\/petrotex-resin-factory-2.jpg 425w, https:\/\/petrotexiran.com\/wp-content\/uploads\/petrotex-resin-factory-2-189x300.jpg 189w\" data-sizes=\"(max-width: 425px) 100vw, 425px\" \/>\t\t\t\t\t\t\t\t\t\t\t\t\t\t\t<\/div>\n\t\t\t\t<\/div>\n\t\t\t\t\t<\/div>\n\t\t<\/div>\n\t\t\t\t\t<\/div>\n\t\t<\/section>\n\t\t\t\t\t<\/div>\n\t\t<\/div>\n\t\t\t\t<div class=\"elementor-column elementor-col-50 elementor-top-column elementor-element elementor-element-3354236a\" data-id=\"3354236a\" data-element_type=\"column\" data-e-type=\"column\">\n\t\t\t<div class=\"elementor-widget-wrap elementor-element-populated\">\n\t\t\t\t\t\t<div class=\"elementor-element elementor-element-1eec2aa elementor-widget elementor-widget-cz_title\" data-id=\"1eec2aa\" data-element_type=\"widget\" data-e-type=\"widget\" data-widget_type=\"cz_title.default\">\n\t\t\t\t<div class=\"elementor-widget-container\">\n\t\t\t\t\t\t\r\n\t\t<div>\r\n\t\t\t<div class=\"cz_title clr cz_title_has_icon cz_title_pos_inline\"><div class=\"cz_title_content\"><span class=\"cz_title_icon_before cz_title_image\"><img decoding=\"async\" width=\"4\" height=\"60\" src=\"data:image\/svg+xml,%3Csvg%20xmlns%3D&#39;http%3A%2F%2Fwww.w3.org%2F2000%2Fsvg&#39;%20width=&#39;4&#39;%20height=&#39;60&#39;%20viewBox%3D&#39;0%200%204%2060&#39;%2F%3E\" data-czlz data-src=\"https:\/\/petrotexiran.com\/wp-content\/uploads\/line.jpg\" class=\"attachment-full size-full wp-image-9547\" alt=\"\" \/><\/span><div class=\"cz_wpe_content\"><h3 class=\"elementor-icon-box-title\"><span style=\"color: #0094da; font-family: Arial;\"><span style=\"font-family: IRANSans_standard;\">SADR RESIN KHAVAR<br \/><\/span><\/span><span style=\"color: #666666; font-size: 15px;\">Hakk\u0131m\u0131zda<\/span><\/h3><p>\u00a0<\/p><\/div><\/div><\/div>\r\n\t\t<\/div>\r\n\t\t\r\n\t\t\t\t\t\t<\/div>\n\t\t\t\t<\/div>\n\t\t\t\t<div class=\"elementor-element elementor-element-4099e945 elementor-widget elementor-widget-text-editor\" data-id=\"4099e945\" data-element_type=\"widget\" data-e-type=\"widget\" data-widget_type=\"text-editor.default\">\n\t\t\t\t<div class=\"elementor-widget-container\">\n\t\t\t\t\t\t\t\t\t2006 y\u0131l\u0131nda kurulan <strong>Sadr Rezin Khavar<\/strong> firmas\u0131n\u0131n amac\u0131 her t\u00fcrl\u00fc \u00f6zel su bazl\u0131 re\u00e7ine \u00fcretimi yapmakt\u0131. Stiren-b\u00fctadien em\u00fclsiyon re\u00e7inelerine olan k\u00fcresel talebin artt\u0131\u011f\u0131 g\u00f6z \u00f6n\u00fcne al\u0131nd\u0131\u011f\u0131nda. Bu nedenle, bu \u00fcr\u00fcn\u00fcn daha \u00f6zel t\u00fcrlerine kar\u015f\u0131 farkl\u0131 bir tav\u0131rla, d\u00fcnyadaki en son teknolojileri kullanan ve personelinin deneyim ve teknik bilgisine dayanan bu koleksiyon, bu \u00fcr\u00fcnleri farkl\u0131 kalite ve \u00e7ok \u00e7e\u015fitli alt\u0131nda pazara sunmaktad\u0131r. Protex marka ad\u0131. <\/br>\n\u00dcretilen \u00fcr\u00fcn\u00fcn kalitesine \u00f6nem verilir. D ve R departman\u0131n\u0131n geli\u015fimi ve daha iyi hizmet verebilmek i\u00e7in m\u00fc\u015fterilerle yak\u0131n ileti\u015fim, bu \u015firketin k\u0131sa s\u00fcrede \u0130ran&#8217;\u0131n en b\u00fcy\u00fck em\u00fclsiyon re\u00e7ineleri \u00fcreticisi olmas\u0131na neden oldu. Bu koleksiyondan pazar\u0131n beklentilerini art\u0131rman\u0131n yan\u0131 s\u0131ra. Aksine, daha fazla sorumluluk yaratmas\u0131 nedeniyle, bu \u015firketi, yeni teknolojiler edinmenin yan\u0131 s\u0131ra, pazar\u0131n mevcut ihtiya\u00e7lar\u0131n\u0131 ve gelecekteki beklentilerini kar\u015f\u0131lamak i\u00e7in geli\u015fmi\u015f makineler tasarlamaya ve \u00fcretmeye ve tesisler sa\u011flamaya zorlad\u0131. Bu fabrikalar bu \u00fcr\u00fcnleri g\u00fcnl\u00fck olarak \u00fcretmektedir. M\u00fc\u015fterilerin istedi\u011fi re\u00e7ine \u00e7e\u015fitlerini onlar\u0131n g\u00f6r\u00fc\u015f\u00fcne g\u00f6re \u00fcretirler. Bu konuma gelmesinde en b\u00fcy\u00fck rol\u00fc oynayan deneyimli ve \u00f6zenli personeli ile sad\u0131k m\u00fc\u015fterilerini en b\u00fcy\u00fck sermayesi ve varl\u0131\u011f\u0131 olarak g\u00f6rmektedir.\t\t\t\t\t\t\t\t<\/div>\n\t\t\t\t<\/div>\n\t\t\t\t\t<\/div>\n\t\t<\/div>\n\t\t\t\t\t<\/div>\n\t\t<\/section>\n\t\t\t\t<section class=\"elementor-section elementor-top-section elementor-element elementor-element-43e97d5 elementor-section-boxed elementor-section-height-default elementor-section-height-default\" data-id=\"43e97d5\" data-element_type=\"section\" data-e-type=\"section\">\n\t\t\t\t\t\t<div class=\"elementor-container elementor-column-gap-default\">\n\t\t\t\t\t<div class=\"elementor-column elementor-col-100 elementor-top-column elementor-element elementor-element-f2ef907\" data-id=\"f2ef907\" data-element_type=\"column\" data-e-type=\"column\">\n\t\t\t<div class=\"elementor-widget-wrap elementor-element-populated\">\n\t\t\t\t\t\t<div class=\"elementor-element elementor-element-6f02b04 elementor-widget elementor-widget-premium-addon-video-box\" data-id=\"6f02b04\" data-element_type=\"widget\" data-e-type=\"widget\" data-settings=\"{&quot;premium_video_box_video_type&quot;:&quot;self&quot;,&quot;video_lightbox_style&quot;:&quot;elementor&quot;}\" data-widget_type=\"premium-addon-video-box.default\">\n\t\t\t\t<div class=\"elementor-widget-container\">\n\t\t\t\t\t\r\n\t\t\r\n\t\t\t\t\t<div data-lightbox=\"{&quot;type&quot;:&quot;elementor&quot;}\" id=\"premium-video-box-container-6f02b04\" class=\"premium-video-box-container\" data-overlay=\"true\" data-type=\"self\" data-thumbnail=\"1\" data-hover=\"none\">\r\n\t\t\t\t<div  >\r\n\t\t\t\t\t\r\n\t\t\t\t\t<div class=\"premium-video-box-inner-wrap\" data-video-animation=\" animated-\" data-delay-animation=\"\">\r\n\t\t\t\t\t\t<div data-elementor-open-lightbox=\"yes\" data-elementor-lightbox=\"{&quot;type&quot;:&quot;video&quot;,&quot;videoType&quot;:&quot;hosted&quot;,&quot;url&quot;:&quot;https:\\\/\\\/petrotexiran.com\\\/wp-content\\\/uploads\\\/petrotex.mp4&quot;,&quot;modalOptions&quot;:{&quot;id&quot;:&quot;elementor-lightbox-6f02b04&quot;,&quot;entranceAnimation&quot;:&quot;&quot;,&quot;entranceAnimation_tablet&quot;:&quot;&quot;,&quot;entranceAnimation_mobile&quot;:&quot;&quot;,&quot;videoAspectRatio&quot;:&quot;219&quot;},&quot;videoParams&quot;:{&quot;controls&quot;:&quot;&quot;,&quot;controlsList&quot;:&quot;nodownload&quot;}}\" class=\"premium-video-box-video-container\">\r\n\t\t\t\t\t\t\t\r\n\t\t\t\t\t\t\t\t\t\t\t\t\t\t\t<video src=\"https:\/\/petrotexiran.com\/wp-content\/uploads\/petrotex.mp4\" controls  controlsList=\"nodownload\"><\/video>\r\n\t\t\t\t\t\t\t\t\t\t\t\t\t<\/div>\r\n\t\t\t\t\t\t\t<div style=\"background-image:url(&#039;https:\/\/petrotexiran.com\/wp-content\/uploads\/petrotex_factory.jpg&#039;)\" class=\"premium-video-box-image-container none\"><\/div>\r\n\t\t\t\t\t\t\t\t\t\t\t\t\t\t\t\t\t\t\t\t\t\t\t\t\t\t\t<div class=\"premium-video-box-play-icon-container\">\r\n\t\t\t\t\t\t\t\t<i class=\"premium-video-box-play-icon fa fa-play fa-lg\"><\/i>\r\n\t\t\t\t\t\t\t<\/div>\r\n\t\t\t\t\t\t\t\t\t\t\t\t\t\t\t\t\t<\/div>\r\n\r\n\t\t\t\t<\/div>\r\n\t\t\t<\/div>\r\n\t\t\r\n\t\t\t\t\t\t<\/div>\n\t\t\t\t<\/div>\n\t\t\t\t\t<\/div>\n\t\t<\/div>\n\t\t\t\t\t<\/div>\n\t\t<\/section>\n\t\t\t\t<\/div>\n\t\t","protected":false},"excerpt":{"rendered":"<p>Hakk\u0131m\u0131zda SADR RESIN KHAVAR SADR RESIN KHAVARHakk\u0131m\u0131zda \u00a0 2006 y\u0131l\u0131nda kurulan &#8230; <\/p>\n","protected":false},"author":1,"featured_media":12622,"parent":0,"menu_order":0,"comment_status":"closed","ping_status":"closed","template":"","meta":{"footnotes":""},"class_list":["post-11045","page","type-page","status-publish","has-post-thumbnail","hentry"],"_links":{"self":[{"href":"https:\/\/petrotexiran.com\/tr\/wp-json\/wp\/v2\/pages\/11045","targetHints":{"allow":["GET"]}}],"collection":[{"href":"https:\/\/petrotexiran.com\/tr\/wp-json\/wp\/v2\/pages"}],"about":[{"href":"https:\/\/petrotexiran.com\/tr\/wp-json\/wp\/v2\/types\/page"}],"author":[{"embeddable":true,"href":"https:\/\/petrotexiran.com\/tr\/wp-json\/wp\/v2\/users\/1"}],"replies":[{"embeddable":true,"href":"https:\/\/petrotexiran.com\/tr\/wp-json\/wp\/v2\/comments?post=11045"}],"version-history":[{"count":0,"href":"https:\/\/petrotexiran.com\/tr\/wp-json\/wp\/v2\/pages\/11045\/revisions"}],"wp:featuredmedia":[{"embeddable":true,"href":"https:\/\/petrotexiran.com\/tr\/wp-json\/wp\/v2\/media\/12622"}],"wp:attachment":[{"href":"https:\/\/petrotexiran.com\/tr\/wp-json\/wp\/v2\/media?parent=11045"}],"curies":[{"name":"wp","href":"https:\/\/api.w.org\/{rel}","templated":true}]}}