{"id":11139,"date":"2023-10-30T16:57:35","date_gmt":"2023-10-30T17:57:35","guid":{"rendered":"https:\/\/petrotexiran.com\/?page_id=11139"},"modified":"2026-05-08T04:57:11","modified_gmt":"2026-05-08T04:57:11","slug":"automotive-textiles","status":"publish","type":"page","link":"https:\/\/petrotexiran.com\/tr\/automotive-textiles\/","title":{"rendered":"End\u00fcstriyel hal\u0131 (otomotiv)"},"content":{"rendered":"\t\t<div data-elementor-type=\"wp-page\" data-elementor-id=\"11139\" class=\"elementor elementor-11139 elementor-10183\" data-elementor-post-type=\"page\">\n\t\t\t\t\t\t<section class=\"elementor-section elementor-top-section elementor-element elementor-element-be194c2 elementor-section-full_width elementor-section-stretched elementor-section-height-default elementor-section-height-default\" data-id=\"be194c2\" data-element_type=\"section\" data-e-type=\"section\" data-settings=\"{&quot;stretch_section&quot;:&quot;section-stretched&quot;,&quot;background_background&quot;:&quot;classic&quot;}\">\n\t\t\t\t\t\t\t<div class=\"elementor-background-overlay\"><\/div>\n\t\t\t\t\t\t\t<div class=\"elementor-container elementor-column-gap-default\">\n\t\t\t\t\t<div class=\"elementor-column elementor-col-100 elementor-top-column elementor-element elementor-element-d30760f\" data-id=\"d30760f\" data-element_type=\"column\" data-e-type=\"column\">\n\t\t\t<div class=\"elementor-widget-wrap elementor-element-populated\">\n\t\t\t\t\t\t<div class=\"elementor-element elementor-element-197af4e e-transform elementor-view-default elementor-widget elementor-widget-icon\" data-id=\"197af4e\" data-element_type=\"widget\" data-e-type=\"widget\" data-settings=\"{&quot;_transform_skewX_effect&quot;:{&quot;unit&quot;:&quot;px&quot;,&quot;size&quot;:-20,&quot;sizes&quot;:[]},&quot;_transform_skewY_effect&quot;:{&quot;unit&quot;:&quot;px&quot;,&quot;size&quot;:-20,&quot;sizes&quot;:[]},&quot;_transform_skewX_effect_tablet&quot;:{&quot;unit&quot;:&quot;deg&quot;,&quot;size&quot;:&quot;&quot;,&quot;sizes&quot;:[]},&quot;_transform_skewX_effect_mobile&quot;:{&quot;unit&quot;:&quot;deg&quot;,&quot;size&quot;:&quot;&quot;,&quot;sizes&quot;:[]},&quot;_transform_skewY_effect_tablet&quot;:{&quot;unit&quot;:&quot;deg&quot;,&quot;size&quot;:&quot;&quot;,&quot;sizes&quot;:[]},&quot;_transform_skewY_effect_mobile&quot;:{&quot;unit&quot;:&quot;deg&quot;,&quot;size&quot;:&quot;&quot;,&quot;sizes&quot;:[]}}\" data-widget_type=\"icon.default\">\n\t\t\t\t<div class=\"elementor-widget-container\">\n\t\t\t\t\t\t\t<div class=\"elementor-icon-wrapper\">\n\t\t\t<div class=\"elementor-icon\">\n\t\t\t<i aria-hidden=\"true\" class=\"fas fa-square-full\"><\/i>\t\t\t<\/div>\n\t\t<\/div>\n\t\t\t\t\t\t<\/div>\n\t\t\t\t<\/div>\n\t\t\t\t<div class=\"elementor-element elementor-element-ed64b04 elementor-widget elementor-widget-heading\" data-id=\"ed64b04\" data-element_type=\"widget\" data-e-type=\"widget\" data-widget_type=\"heading.default\">\n\t\t\t\t<div class=\"elementor-widget-container\">\n\t\t\t\t\t<h2 class=\"elementor-heading-title elementor-size-default\">End\u00fcstriyel (Otomotiv) Hal\u0131s\u0131\n\n\n\n<\/h2>\t\t\t\t<\/div>\n\t\t\t\t<\/div>\n\t\t\t\t<div class=\"elementor-element elementor-element-199823d elementor-widget elementor-widget-text-editor\" data-id=\"199823d\" data-element_type=\"widget\" data-e-type=\"widget\" data-widget_type=\"text-editor.default\">\n\t\t\t\t<div class=\"elementor-widget-container\">\n\t\t\t\t\t\t\t\t\t<p>End\u00fcstriyel dokunmam\u0131\u015f kuma\u015flar, tek veya \u00e7ok katmanl\u0131 yap\u0131da, genellikle polyester esasl\u0131 elyaflardan \u00fcretilen polimerik y\u00fczeylerdir. Bu elyaflar, ba\u011flay\u0131c\u0131 (tutkal) sistemler yard\u0131m\u0131yla birbirine ba\u011flanarak istenen yap\u0131 olu\u015fturulur.<br \/>Bu dokunmam\u0131\u015f y\u00fczeylerin \u00fcretiminde, end\u00fcstriyel performans\u0131n yan\u0131 s\u0131ra estetik \u00f6zellikler de \u00f6nemli rol oynamaktad\u0131r. Ba\u015fl\u0131ca kullan\u0131m alanlar\u0131 aras\u0131nda otomotiv end\u00fcstrisi (zemin ve dekoratif i\u00e7 y\u00fczey kaplamalar\u0131), in\u015faat sekt\u00f6r\u00fc, \u00e7at\u0131 \u00f6rt\u00fc sistemleri (bit\u00fcml\u00fc membranlar), deri, \u00e7anta ve ayakkab\u0131 \u00fcretimi gibi \u00e7e\u015fitli end\u00fcstriler yer almaktad\u0131r.<br \/>\u015eirket taraf\u0131ndan \u00fcretilen stiren-b\u00fctadien esasl\u0131 re\u00e7ineler; g\u00fc\u00e7l\u00fc ba\u011flanma sa\u011flaman\u0131n yan\u0131 s\u0131ra \u00e7ekme mukavemeti, neme kar\u015f\u0131 dayan\u0131m ve buhar ge\u00e7irgenli\u011fi gibi kritik \u00f6zellikleri iyile\u015ftirmek i\u00e7in etkin \u00e7\u00f6z\u00fcmler sunmaktad\u0131r. Otomotiv hal\u0131lar\u0131nda bu \u00f6zelliklere ek olarak \u0131s\u0131ya dayan\u0131m ve alev geciktirici performans da b\u00fcy\u00fck \u00f6nem ta\u015f\u0131maktad\u0131r. \u015eirket \u00fcr\u00fcnleri, uluslararas\u0131 standartlara uygun olarak t\u00fcm bu gereksinimleri kar\u015f\u0131layacak \u015fekilde geli\u015ftirilmi\u015ftir.<\/p>\t\t\t\t\t\t\t\t<\/div>\n\t\t\t\t<\/div>\n\t\t\t\t<div class=\"elementor-element elementor-element-8b1ccaf elementor-widget elementor-widget-html\" data-id=\"8b1ccaf\" data-element_type=\"widget\" data-e-type=\"widget\" data-widget_type=\"html.default\">\n\t\t\t\t<div class=\"elementor-widget-container\">\n\t\t\t\t\t<style type=\"text\/css\">\r\n    table.blueTable {\r\nborder: 1px solid #1C6EA4;\r\nbackground-color: #ffffff;\r\nwidth: 100%;\r\ntext-align: center;\r\nborder-collapse: collapse;\r\nmargin-left: auto;\r\nmargin-right: auto;\r\n}\r\ntable.blueTable td, table.blueTable th {\r\nborder: 1px solid #AAAAAA;\r\npadding: 10px 10px;\r\n}\r\ntable.blueTable tbody td {\r\nfont-size: 14px;\r\nfont-weight: bold;\r\ncolor: #333333;\r\n}\r\ntable.blueTable tr:nth-child(even) {\r\nbackground: #e3e3e4;\r\n}\r\ntable.blueTable thead {\r\nbackground: #d3d4d4;\r\nbackground: -moz-linear-gradient(top, #e8ebeb 0%, #e4e6e7 66%, #E1E4E5 100%);\r\nbackground: -webkit-linear-gradient(top, #e8ebeb 0%, #e4e6e7 66%, #E1E4E5 100%);\r\nbackground: linear-gradient(to bottom, #e8ebeb 0%, #e4e6e7 66%, #E1E4E5 100%);\r\n}\r\ntable.blueTable thead th {\r\nfont-size: 16px;\r\nfont-weight: bold;\r\ncolor: #060c5f;\r\ntext-align: center;\r\n}\r\ntable.blueTable tfoot td {\r\nfont-size: 13px;\r\n}\r\ntable.blueTable tfoot .links {\r\ntext-align: right;\r\n}\r\ntable.blueTable tfoot .links a{\r\ndisplay: inline-block;\r\nbackground: #1C6EA4;\r\ncolor: #FFFFFF;\r\npadding: 2px 8px;\r\nborder-radius: 5px;\r\n}\r\n     <\/style>\r\n     <table class=\"blueTable\" style=\"width: 90%\">\r\n         <thead>\r\n             <th class=\"tg-0lax\" colspan=\"3\">\r\n              End\u00fcstriyel (Otomotiv) Hal\u0131s\u0131\r\n\r\n                 <\/th>\r\n         <\/thead>\r\n         <colgroup>\r\n             <col span=\"1\" style=\"width: 20%;\">\r\n             <col span=\"1\" style=\"width: 60%;\">\r\n             <col span=\"1\" style=\"width: 20%;\">\r\n          <\/colgroup>\r\n         <tbody>\r\n         <tr>\r\n         <td style=\"color:#060c5f  ;\">Petrotex 8856<\/td><td>Otomotiv hal\u0131s\u0131 i\u00e7in, sert ve dayan\u0131kl\u0131 tutum, elyaflara g\u00fc\u00e7l\u00fc yap\u0131\u015fma<\/td>\r\n         <td><a href=\"https:\/\/petrotexiran.com\/pdf-new\/en\/8856.pdf\" target=\"_blank\"><img decoding=\"async\"  data-media-content=\"wpdt-media-content\"  src=\"https:\/\/petrotexiran.com\/wp-content\/uploads\/2022\/10\/buttondownloadtr-1.png\" width=\"150\" height=\"150\" style=\" display: block;\r\n                 margin-left: auto;\r\n                 margin-right: auto;\"\/><\/a><\/td><\/tr>\r\n                 \r\n           <tr>\r\n         <td style=\"color:#060c5f  ;\">Petrotex 8858<\/td><td>Otomotiv hal\u0131s\u0131 i\u00e7in, \u0131s\u0131ya ve aleve kar\u015f\u0131 y\u00fcksek dayan\u0131m, sert y\u00fczey olu\u015fumu\r\n<\/td>\r\n         <td><a href=\"https:\/\/petrotexiran.com\/pdf-new\/en\/8858.pdf\" target=\"_blank\"><img decoding=\"async\"  data-media-content=\"wpdt-media-content\"  src=\"https:\/\/petrotexiran.com\/wp-content\/uploads\/2022\/10\/buttondownloadtr-1.png\" width=\"150\" height=\"150\" style=\" display: block;\r\n                 margin-left: auto;\r\n                 margin-right: auto;\"\/><\/a><\/td><\/tr>                   \r\n      \r\n        \r\n         \r\n         <\/tbody>\r\n         <\/tr>\r\n         <\/table>\r\n\r\n\r\n\r\n\t\t\t\t<\/div>\n\t\t\t\t<\/div>\n\t\t\t\t<div class=\"elementor-element elementor-element-ab7ac4e elementor-widget elementor-widget-premium-addon-button\" data-id=\"ab7ac4e\" data-element_type=\"widget\" data-e-type=\"widget\" data-widget_type=\"premium-addon-button.default\">\n\t\t\t\t<div class=\"elementor-widget-container\">\n\t\t\t\t\t\r\n\r\n\t\t<a class=\"premium-button premium-button-style2 premium-btn-lg premium-button-style2-shutouthor\" href=\"https:\/\/petrotexiran.com\/tr\/products\/\">\r\n\t\t\t<div class=\"premium-button-text-icon-wrapper\">\r\n\t\t\t\t\t\t\t\t\t\t\t\t\t\t\t\t\t<span >\r\n\t\t\t\t\t\u00dcr\u00fcnlere geri d\u00f6n\t\t\t\t<\/span>\r\n\t\t\t\t\t\t\t\t\t\t\t\t\t\t\t\t\t\t\t\t\t\t<i class=\"premium-svg-nodraw premium-drawable-icon fas fa-arrow-right\" aria-hidden=\"true\"><\/i>\t\t\t\t\t\t\t\t\t\t\t\t\t\t\t\t\t\t<\/div>\r\n\t\t\t\t\t\t\t\t<\/a>\r\n\r\n\r\n\t\t\t\t\t\t<\/div>\n\t\t\t\t<\/div>\n\t\t\t\t\t<\/div>\n\t\t<\/div>\n\t\t\t\t\t<\/div>\n\t\t<\/section>\n\t\t\t\t<\/div>\n\t\t","protected":false},"excerpt":{"rendered":"<p>End\u00fcstriyel (Otomotiv) Hal\u0131s\u0131 End\u00fcstriyel dokunmam\u0131\u015f kuma\u015flar, tek veya \u00e7ok katmanl\u0131 yap\u0131da, &#8230; <\/p>\n","protected":false},"author":1,"featured_media":12516,"parent":0,"menu_order":0,"comment_status":"closed","ping_status":"closed","template":"","meta":{"footnotes":""},"class_list":["post-11139","page","type-page","status-publish","has-post-thumbnail","hentry"],"_links":{"self":[{"href":"https:\/\/petrotexiran.com\/tr\/wp-json\/wp\/v2\/pages\/11139","targetHints":{"allow":["GET"]}}],"collection":[{"href":"https:\/\/petrotexiran.com\/tr\/wp-json\/wp\/v2\/pages"}],"about":[{"href":"https:\/\/petrotexiran.com\/tr\/wp-json\/wp\/v2\/types\/page"}],"author":[{"embeddable":true,"href":"https:\/\/petrotexiran.com\/tr\/wp-json\/wp\/v2\/users\/1"}],"replies":[{"embeddable":true,"href":"https:\/\/petrotexiran.com\/tr\/wp-json\/wp\/v2\/comments?post=11139"}],"version-history":[{"count":6,"href":"https:\/\/petrotexiran.com\/tr\/wp-json\/wp\/v2\/pages\/11139\/revisions"}],"predecessor-version":[{"id":16451,"href":"https:\/\/petrotexiran.com\/tr\/wp-json\/wp\/v2\/pages\/11139\/revisions\/16451"}],"wp:featuredmedia":[{"embeddable":true,"href":"https:\/\/petrotexiran.com\/tr\/wp-json\/wp\/v2\/media\/12516"}],"wp:attachment":[{"href":"https:\/\/petrotexiran.com\/tr\/wp-json\/wp\/v2\/media?parent=11139"}],"curies":[{"name":"wp","href":"https:\/\/api.w.org\/{rel}","templated":true}]}}