{"id":15488,"date":"2026-05-02T17:13:45","date_gmt":"2026-05-02T17:13:45","guid":{"rendered":"https:\/\/petrotexiran.com\/?page_id=15488"},"modified":"2026-05-02T20:00:02","modified_gmt":"2026-05-02T20:00:02","slug":"development-plan","status":"publish","type":"page","link":"https:\/\/petrotexiran.com\/tr\/development-plan\/","title":{"rendered":"Geli\u015fim Plan\u0131"},"content":{"rendered":"\t\t<div data-elementor-type=\"wp-page\" data-elementor-id=\"15488\" class=\"elementor elementor-15488 elementor-15390\" data-elementor-post-type=\"page\">\n\t\t\t\t\t\t<section class=\"elementor-section elementor-top-section elementor-element elementor-element-972acf6 elementor-section-stretched elementor-section-boxed elementor-section-height-default elementor-section-height-default\" data-id=\"972acf6\" data-element_type=\"section\" data-e-type=\"section\" data-settings=\"{&quot;stretch_section&quot;:&quot;section-stretched&quot;,&quot;background_background&quot;:&quot;classic&quot;}\">\n\t\t\t\t\t\t\t<div class=\"elementor-background-overlay\"><\/div>\n\t\t\t\t\t\t\t<div class=\"elementor-container elementor-column-gap-default\">\n\t\t\t\t\t<div class=\"elementor-column elementor-col-100 elementor-top-column elementor-element elementor-element-c6e3fc5\" data-id=\"c6e3fc5\" data-element_type=\"column\" data-e-type=\"column\">\n\t\t\t<div class=\"elementor-widget-wrap elementor-element-populated\">\n\t\t\t\t\t\t<div class=\"elementor-element elementor-element-8241689 e-transform elementor-view-default elementor-widget elementor-widget-icon\" data-id=\"8241689\" data-element_type=\"widget\" data-e-type=\"widget\" data-settings=\"{&quot;_transform_skewX_effect&quot;:{&quot;unit&quot;:&quot;px&quot;,&quot;size&quot;:-20,&quot;sizes&quot;:[]},&quot;_transform_skewY_effect&quot;:{&quot;unit&quot;:&quot;px&quot;,&quot;size&quot;:-20,&quot;sizes&quot;:[]},&quot;_transform_skewX_effect_tablet&quot;:{&quot;unit&quot;:&quot;deg&quot;,&quot;size&quot;:&quot;&quot;,&quot;sizes&quot;:[]},&quot;_transform_skewX_effect_mobile&quot;:{&quot;unit&quot;:&quot;deg&quot;,&quot;size&quot;:&quot;&quot;,&quot;sizes&quot;:[]},&quot;_transform_skewY_effect_tablet&quot;:{&quot;unit&quot;:&quot;deg&quot;,&quot;size&quot;:&quot;&quot;,&quot;sizes&quot;:[]},&quot;_transform_skewY_effect_mobile&quot;:{&quot;unit&quot;:&quot;deg&quot;,&quot;size&quot;:&quot;&quot;,&quot;sizes&quot;:[]}}\" data-widget_type=\"icon.default\">\n\t\t\t\t<div class=\"elementor-widget-container\">\n\t\t\t\t\t\t\t<div class=\"elementor-icon-wrapper\">\n\t\t\t<div class=\"elementor-icon\">\n\t\t\t<i aria-hidden=\"true\" class=\"fas fa-square-full\"><\/i>\t\t\t<\/div>\n\t\t<\/div>\n\t\t\t\t\t\t<\/div>\n\t\t\t\t<\/div>\n\t\t\t\t<div class=\"elementor-element elementor-element-29ace52 elementor-widget elementor-widget-heading\" data-id=\"29ace52\" data-element_type=\"widget\" data-e-type=\"widget\" data-widget_type=\"heading.default\">\n\t\t\t\t<div class=\"elementor-widget-container\">\n\t\t\t\t\t<h1 class=\"elementor-heading-title elementor-size-default\">Geli\u015fim Plan\u0131 <\/h1>\t\t\t\t<\/div>\n\t\t\t\t<\/div>\n\t\t\t\t<div class=\"elementor-element elementor-element-a0548e1 elementor-widget elementor-widget-heading\" data-id=\"a0548e1\" data-element_type=\"widget\" data-e-type=\"widget\" data-widget_type=\"heading.default\">\n\t\t\t\t<div class=\"elementor-widget-container\">\n\t\t\t\t\t<h2 class=\"elementor-heading-title elementor-size-default\">SADR RESIN KHAVAR\n<\/h2>\t\t\t\t<\/div>\n\t\t\t\t<\/div>\n\t\t\t\t\t<\/div>\n\t\t<\/div>\n\t\t\t\t\t<\/div>\n\t\t<\/section>\n\t\t\t\t<section class=\"elementor-section elementor-top-section elementor-element elementor-element-ef25ce4 elementor-section-stretched elementor-section-boxed elementor-section-height-default elementor-section-height-default\" data-id=\"ef25ce4\" data-element_type=\"section\" data-e-type=\"section\" data-settings=\"{&quot;stretch_section&quot;:&quot;section-stretched&quot;,&quot;background_background&quot;:&quot;classic&quot;}\">\n\t\t\t\t\t\t<div class=\"elementor-container elementor-column-gap-default\">\n\t\t\t\t\t<div class=\"elementor-column elementor-col-100 elementor-top-column elementor-element elementor-element-55d0e08\" data-id=\"55d0e08\" data-element_type=\"column\" data-e-type=\"column\">\n\t\t\t<div class=\"elementor-widget-wrap elementor-element-populated\">\n\t\t\t\t\t\t<div class=\"elementor-element elementor-element-d122089 elementor-widget elementor-widget-cz_title\" data-id=\"d122089\" data-element_type=\"widget\" data-e-type=\"widget\" data-widget_type=\"cz_title.default\">\n\t\t\t\t<div class=\"elementor-widget-container\">\n\t\t\t\t\t\t\r\n\t\t<div>\r\n\t\t\t<div class=\"cz_title clr cz_title_has_icon cz_title_pos_inline\"><div class=\"cz_title_content\"><span class=\"cz_title_icon_before cz_title_image\"><img decoding=\"async\" width=\"4\" height=\"60\" src=\"data:image\/svg+xml,%3Csvg%20xmlns%3D&#39;http%3A%2F%2Fwww.w3.org%2F2000%2Fsvg&#39;%20width=&#39;4&#39;%20height=&#39;60&#39;%20viewBox%3D&#39;0%200%204%2060&#39;%2F%3E\" data-czlz data-src=\"https:\/\/petrotexiran.com\/wp-content\/uploads\/line.jpg\" class=\"attachment-full size-full wp-image-9547\" alt=\"\" \/><\/span><div class=\"cz_wpe_content\"><h1 style=\"font-size: 26px;\"><span data-mce-type=\"bookmark\" style=\"display: inline-block; width: 0px; overflow: hidden; line-height: 0;\" class=\"mce_SELRES_start\">\ufeff<\/span><span style=\"color: #0094da; font-family: Arial;\"><span style=\"font-family: IRANSans_standard;\"> Geli\u015fim Plan\u0131 <\/span><br \/><\/span><\/h1><p class=\"elementor-icon-box-description\"><span style=\"color: #666666;\"> SADR RESIN KHAVAR\n<\/span><\/p><\/div><\/div><\/div>\r\n\t\t<\/div>\r\n\t\t\r\n\t\t\t\t\t\t<\/div>\n\t\t\t\t<\/div>\n\t\t\t\t<div class=\"elementor-element elementor-element-86ee4ea elementor-widget elementor-widget-text-editor\" data-id=\"86ee4ea\" data-element_type=\"widget\" data-e-type=\"widget\" data-widget_type=\"text-editor.default\">\n\t\t\t\t<div class=\"elementor-widget-container\">\n\t\t\t\t\t\t\t\t\t<p>Sadr Resin Khavar, \u00fcr\u00fcn kalitesi, yenilik\u00e7ilik ve t\u00fcketicilerin ger\u00e7ek ihtiya\u00e7lar\u0131na odaklanma anlay\u0131\u015f\u0131yla kurulmu\u015ftur. Ba\u015f\u0131ndan beri s\u00fcrd\u00fcr\u00fclebilir geli\u015fimin yaln\u0131zca \u00fcretim kapasitesinin artmas\u0131yla de\u011fil, \u00fcretim s\u00fcre\u00e7lerindeki titizlik ve \u00fcr\u00fcn kalitesinin s\u00fcrekli y\u00fckseltilmesiyle m\u00fcmk\u00fcn oldu\u011funa inand\u0131k.<br \/>Bu yeni yat\u0131r\u0131m projesi, i\u015fte bu yakla\u015f\u0131m\u0131n do\u011fal bir devam\u0131d\u0131r.<br \/>Kaliteye olan s\u00fcrekli ba\u011fl\u0131l\u0131\u011f\u0131m\u0131z, uygulamadaki hassasiyetimiz ve s\u00fcre\u00e7lerde kesintisiz iyile\u015ftirme anlay\u0131\u015f\u0131m\u0131z, \u015firket \u00fcr\u00fcnlerine olan talebin her ge\u00e7en g\u00fcn artmas\u0131n\u0131 sa\u011flam\u0131\u015ft\u0131r. Bu b\u00fcy\u00fcme, mevcut \u00fcretim hatlar\u0131m\u0131z\u0131n m\u00fc\u015fteri taleplerini kar\u015f\u0131lamakta yetersiz kalmas\u0131na kadar ilerlemi\u015ftir. Bunun sonucunda \u00fcretim, depolama ve e\u015f zamanl\u0131 sevkiyat imkanlar\u0131na sahip yeni ve kapsaml\u0131 bir tesis yat\u0131r\u0131m\u0131n\u0131n hayata ge\u00e7irilmesi \u015firket y\u00f6netiminin g\u00fcndemine al\u0131nm\u0131\u015ft\u0131r.<br \/>Bu proje, 73.000 metrekareyi a\u015fan bir arazi \u00fczerinde ve yakla\u015f\u0131k 30.000 metrekare kapal\u0131 alanla (\u00fcretim hatlar\u0131, tesis altyap\u0131lar\u0131, depolar, idari ve sosyal yap\u0131lar dahil) in\u015fa edilmektedir. Tamamland\u0131\u011f\u0131nda Orta Do\u011fu\u2019nun en b\u00fcy\u00fck su bazl\u0131 re\u00e7ine \u00fcretim tesisi olacakt\u0131r.<br \/>Bu yat\u0131r\u0131m yaln\u0131zca \u00fcretim kapasitesinin art\u0131r\u0131lmas\u0131 de\u011fil; g\u00fcven, kararl\u0131l\u0131k ve s\u00fcrekli eme\u011fe dayal\u0131 olarak in\u015fa edilen konumun g\u00fc\u00e7lendirilmesidir.<\/p>\t\t\t\t\t\t\t\t<\/div>\n\t\t\t\t<\/div>\n\t\t\t\t<div class=\"elementor-element elementor-element-c7e8291 elementor-widget elementor-widget-video\" data-id=\"c7e8291\" data-element_type=\"widget\" data-e-type=\"widget\" data-settings=\"{&quot;video_type&quot;:&quot;hosted&quot;,&quot;autoplay&quot;:&quot;yes&quot;,&quot;controls&quot;:&quot;yes&quot;}\" data-widget_type=\"video.default\">\n\t\t\t\t<div class=\"elementor-widget-container\">\n\t\t\t\t\t\t\t<div class=\"e-hosted-video elementor-wrapper elementor-open-inline\">\n\t\t\t\t\t<video class=\"elementor-video\" src=\"https:\/\/petrotexiran.com\/wp-content\/uploads\/develope.mp4\" autoplay=\"\" controls=\"\" controlsList=\"nodownload\"><\/video>\n\t\t\t\t<\/div>\n\t\t\t\t\t\t<\/div>\n\t\t\t\t<\/div>\n\t\t\t\t\t<\/div>\n\t\t<\/div>\n\t\t\t\t\t<\/div>\n\t\t<\/section>\n\t\t\t\t<\/div>\n\t\t","protected":false},"excerpt":{"rendered":"<p>Geli\u015fim Plan\u0131 SADR RESIN KHAVAR \ufeff Geli\u015fim Plan\u0131 SADR RESIN KHAVAR &#8230; <\/p>\n","protected":false},"author":1,"featured_media":0,"parent":0,"menu_order":0,"comment_status":"closed","ping_status":"closed","template":"","meta":{"footnotes":""},"class_list":["post-15488","page","type-page","status-publish","hentry"],"_links":{"self":[{"href":"https:\/\/petrotexiran.com\/tr\/wp-json\/wp\/v2\/pages\/15488","targetHints":{"allow":["GET"]}}],"collection":[{"href":"https:\/\/petrotexiran.com\/tr\/wp-json\/wp\/v2\/pages"}],"about":[{"href":"https:\/\/petrotexiran.com\/tr\/wp-json\/wp\/v2\/types\/page"}],"author":[{"embeddable":true,"href":"https:\/\/petrotexiran.com\/tr\/wp-json\/wp\/v2\/users\/1"}],"replies":[{"embeddable":true,"href":"https:\/\/petrotexiran.com\/tr\/wp-json\/wp\/v2\/comments?post=15488"}],"version-history":[{"count":5,"href":"https:\/\/petrotexiran.com\/tr\/wp-json\/wp\/v2\/pages\/15488\/revisions"}],"predecessor-version":[{"id":15495,"href":"https:\/\/petrotexiran.com\/tr\/wp-json\/wp\/v2\/pages\/15488\/revisions\/15495"}],"wp:attachment":[{"href":"https:\/\/petrotexiran.com\/tr\/wp-json\/wp\/v2\/media?parent=15488"}],"curies":[{"name":"wp","href":"https:\/\/api.w.org\/{rel}","templated":true}]}}